{"id":2,"date":"2016-04-10T02:28:00","date_gmt":"2016-04-10T02:28:00","guid":{"rendered":"http:\/\/brzovic-abogados.portablehost.cl\/wp\/?page_id=2"},"modified":"2025-10-24T10:57:30","modified_gmt":"2025-10-24T14:57:30","slug":"sample-page","status":"publish","type":"page","link":"https:\/\/www.brzovicabogados.com\/en\/","title":{"rendered":"Inicio"},"content":{"rendered":"<p>Brzovic &amp; C\u00eda., con m\u00e1s de 30 a\u00f1os de experiencia, se ha especializado en la asesor\u00eda estrat\u00e9gica a empresas y grupos empresariales en materias tributarias complejas, planificaci\u00f3n sucesoria, gobierno corporativo y gesti\u00f3n de family office, as\u00ed como tambi\u00e9n en el acompa\u00f1amiento a destacadas organizaciones gremiales, corporaciones y fundaciones.<\/p>\n","protected":false},"excerpt":{"rendered":"<p>Brzovic &amp; C\u00eda., con m\u00e1s de 30 a\u00f1os de experiencia, se ha especializado en la asesor\u00eda estrat\u00e9gica a empresas y grupos empresariales en materias tributarias complejas, planificaci\u00f3n sucesoria, gobierno corporativo y gesti\u00f3n de family office, as\u00ed como tambi\u00e9n en el acompa\u00f1amiento a destacadas organizaciones gremiales, corporaciones y fundaciones.<\/p>\n","protected":false},"author":1,"featured_media":227,"parent":0,"menu_order":1,"comment_status":"closed","ping_status":"open","template":"","meta":{"footnotes":""},"class_list":["post-2","page","type-page","status-publish","has-post-thumbnail","hentry"],"_links":{"self":[{"href":"https:\/\/www.brzovicabogados.com\/en\/wp-json\/wp\/v2\/pages\/2","targetHints":{"allow":["GET"]}}],"collection":[{"href":"https:\/\/www.brzovicabogados.com\/en\/wp-json\/wp\/v2\/pages"}],"about":[{"href":"https:\/\/www.brzovicabogados.com\/en\/wp-json\/wp\/v2\/types\/page"}],"author":[{"embeddable":true,"href":"https:\/\/www.brzovicabogados.com\/en\/wp-json\/wp\/v2\/users\/1"}],"replies":[{"embeddable":true,"href":"https:\/\/www.brzovicabogados.com\/en\/wp-json\/wp\/v2\/comments?post=2"}],"version-history":[{"count":7,"href":"https:\/\/www.brzovicabogados.com\/en\/wp-json\/wp\/v2\/pages\/2\/revisions"}],"predecessor-version":[{"id":219,"href":"https:\/\/www.brzovicabogados.com\/en\/wp-json\/wp\/v2\/pages\/2\/revisions\/219"}],"wp:featuredmedia":[{"embeddable":true,"href":"https:\/\/www.brzovicabogados.com\/en\/wp-json\/wp\/v2\/media\/227"}],"wp:attachment":[{"href":"https:\/\/www.brzovicabogados.com\/en\/wp-json\/wp\/v2\/media?parent=2"}],"curies":[{"name":"wp","href":"https:\/\/api.w.org\/{rel}","templated":true}]}}